{"id":405777,"date":"2025-01-07T22:10:57","date_gmt":"2025-01-07T22:10:57","guid":{"rendered":"https:\/\/galindoingenieria.com\/?page_id=405777"},"modified":"2025-02-03T19:17:51","modified_gmt":"2025-02-03T19:17:51","slug":"soboce-almacen-de-materias-primas","status":"publish","type":"page","link":"https:\/\/galindoingenieria.com\/eng\/soboce-almacen-de-materias-primas\/","title":{"rendered":"Soboce - Raw Materials Warehouse"},"content":{"rendered":"<p>[et_pb_section fb_built=\u00bb1&#8243; _builder_version=\u00bb4.27.2&#8243; _module_preset=\u00bbdefault\u00bb background_color=\u00bb#FFFFFF\u00bb global_colors_info=\u00bb{}\u00bb][et_pb_row _builder_version=\u00bb4.27.2&#8243; _module_preset=\u00bbdefault\u00bb global_colors_info=\u00bb{}\u00bb][et_pb_column type=\u00bb4_4&#8243; _builder_version=\u00bb4.27.2&#8243; _module_preset=\u00bbdefault\u00bb global_colors_info=\u00bb{}\u00bb][et_pb_text _builder_version=\u00bb4.27.2&#8243; _module_preset=\u00bbdefault\u00bb text_font=\u00bbGALINDOFONT|800|||||||\u00bb text_text_color=\u00bb#000000&#8243; text_font_size=\u00bb54px\u00bb text_line_height=\u00bb1.2em\u00bb text_orientation=\u00bbcenter\u00bb width_tablet=\u00bb\u00bb width_phone=\u00bb\u00bb width_last_edited=\u00bbon|phone\u00bb max_width_tablet=\u00bb\u00bb max_width_phone=\u00bb\u00bb max_width_last_edited=\u00bbon|phone\u00bb text_font_size_tablet=\u00bb54px\u00bb text_font_size_phone=\u00bb34px\u00bb text_font_size_last_edited=\u00bbon|phone\u00bb global_colors_info=\u00bb{}\u00bb]<\/p>\n<p><span>Soboce &#8211; Almac\u00e9n de Materias Primas<\/span><\/p>\n<p>[\/et_pb_text][\/et_pb_column][\/et_pb_row][et_pb_row _builder_version=\u00bb4.27.2&#8243; _module_preset=\u00bbdefault\u00bb global_colors_info=\u00bb{}\u00bb][et_pb_column type=\u00bb4_4&#8243; _builder_version=\u00bb4.27.2&#8243; _module_preset=\u00bbdefault\u00bb global_colors_info=\u00bb{}\u00bb][dondivi_gallery gallery_ids=\u00bb405653,405654,405652,405655,382,211,405656,405657,405658,405659&#8243; image_count=\u00bb3&#8243; load_more=\u00bbon\u00bb load_more_text=\u00bbCargar M\u00e1s\u00bb show_pagination=\u00bboff\u00bb image_zoom=\u00bbon\u00bb overlay=\u00bbon\u00bb on_click=\u00bblightbox\u00bb lightbox_title=\u00bboff\u00bb lightbox_caption=\u00bboff\u00bb hover_overlay_color=\u00bbrgba(28,55,101,0.71)\u00bb hover_icon=\u00bb&#x4c;||divi||400&#8243; hover_icon_color=\u00bb#f79839&#8243; hover_icon_width=\u00bb35px\u00bb effect_opacity=\u00bbon\u00bb layout_columns_tablet=\u00bb\u00bb layout_columns_phone=\u00bb2&#8243; layout_columns_last_edited=\u00bbon|phone\u00bb layout_gap_tablet=\u00bb20px\u00bb layout_gap_phone=\u00bb10px\u00bb layout_gap_last_edited=\u00bbon|phone\u00bb _builder_version=\u00bb4.27.2&#8243; _module_preset=\u00bbdefault\u00bb title_font=\u00bbGALINDOFONT|600|||||||\u00bb title_text_color=\u00bb#FFCB58&#8243; title_font_size=\u00bb17px\u00bb caption_font=\u00bbGALINDOFONT||||||||\u00bb caption_font_size=\u00bb13px\u00bb caption_line_height=\u00bb1.3em\u00bb custom_button=\u00bbon\u00bb button_text_size=\u00bb16px\u00bb button_text_color=\u00bb#F6F1EC\u00bb button_bg_color=\u00bb#f79839&#8243; button_border_width=\u00bb0px\u00bb button_border_color=\u00bb#f4c538&#8243; button_border_radius=\u00bb50px\u00bb button_font=\u00bbGALINDOFONT||||||||\u00bb button_use_icon=\u00bboff\u00bb button_alignment=\u00bbcenter\u00bb button_custom_margin=\u00bb||||false|false\u00bb button_custom_padding=\u00bb7px|37px|7px|37px|true|true\u00bb image_icon_custom_margin=\u00bb||0px||false|false\u00bb image_icon_custom_padding=\u00bb||0px||false|false\u00bb filter_custom_padding_tablet=\u00bb||10px||false|false\u00bb filter_custom_padding_phone=\u00bb|5px|10px|5px|false|true\u00bb filter_custom_padding_last_edited=\u00bbon|phone\u00bb max_width=\u00bb709px\u00bb max_width_tablet=\u00bb\u00bb max_width_phone=\u00bb\u00bb max_width_last_edited=\u00bbon|desktop\u00bb module_alignment=\u00bbcenter\u00bb animation_style=\u00bbfade\u00bb animation_duration=\u00bb500ms\u00bb title_font_size_tablet=\u00bb\u00bb title_font_size_phone=\u00bb18px\u00bb title_font_size_last_edited=\u00bbon|phone\u00bb caption_text_align_phone=\u00bbcenter\u00bb caption_text_align_last_edited=\u00bboff|phone\u00bb caption_font_size_tablet=\u00bb15px\u00bb caption_font_size_phone=\u00bb13px\u00bb caption_font_size_last_edited=\u00bbon|phone\u00bb filter_font_size_tablet=\u00bb20px\u00bb filter_font_size_phone=\u00bb17px\u00bb filter_font_size_last_edited=\u00bbon|phone\u00bb border_radii_image=\u00bbon|10px|10px|10px|10px\u00bb border_color_all_image=\u00bbRGBA(255,255,255,0)\u00bb locked=\u00bboff\u00bb global_colors_info=\u00bb{}\u00bb filter_text_color__hover_enabled=\u00bbon|hover\u00bb filter_text_color__hover=\u00bb#764699&#8243; border_color_all_image__hover_enabled=\u00bbon|desktop\u00bb border_color_all_image__hover=\u00bb#F6F1EC\u00bb button_border_color__hover_enabled=\u00bbon|desktop\u00bb button_border_color__hover=\u00bb#f2b437&#8243; button_text_color__hover_enabled=\u00bbon|hover\u00bb button_text_color__hover=\u00bb#F6F1EC\u00bb button_bg_color__hover_enabled=\u00bbon|desktop\u00bb button_bg_color__hover=\u00bb#ffb73a\u00bb button_bg_enable_color__hover=\u00bbon\u00bb][\/dondivi_gallery][\/et_pb_column][\/et_pb_row][et_pb_row _builder_version=\u00bb4.27.2&#8243; _module_preset=\u00bbdefault\u00bb background_color=\u00bb#f4f4f4&#8243; border_radii=\u00bbon|76px|76px|76px|76px\u00bb locked=\u00bboff\u00bb global_colors_info=\u00bb{}\u00bb][et_pb_column type=\u00bb4_4&#8243; _builder_version=\u00bb4.27.2&#8243; _module_preset=\u00bbdefault\u00bb global_colors_info=\u00bb{}\u00bb][et_pb_text _builder_version=\u00bb4.27.2&#8243; _module_preset=\u00bbdefault\u00bb text_font=\u00bbGALINDOFONT||||||||\u00bb text_text_color=\u00bb#000000&#8243; text_font_size=\u00bb19px\u00bb text_orientation=\u00bbjustified\u00bb custom_margin_tablet=\u00bb\u00bb custom_margin_phone=\u00bb|||-30px|false|false\u00bb custom_margin_last_edited=\u00bbon|phone\u00bb custom_padding=\u00bb|||71px||\u00bb text_font_size_tablet=\u00bb19px\u00bb text_font_size_phone=\u00bb12px\u00bb text_font_size_last_edited=\u00bbon|phone\u00bb text_orientation_tablet=\u00bbjustified\u00bb text_orientation_phone=\u00bbleft\u00bb text_orientation_last_edited=\u00bbon|phone\u00bb global_colors_info=\u00bb{}\u00bb]<\/p>\n<div dir=\"auto\">\n<div class=\"x11i5rnm xat24cr x1mh8g0r x1vvkbs xtlvy1s x126k92a\">\n<div dir=\"auto\">Altura: 30 metros<\/div>\n<div dir=\"auto\">Magnitud: 58 metros de luz, 9,000 metros cuadrados<br \/>Uso: Industrial<br \/>Construcci\u00f3n: Soboce S.A.<\/div>\n<div dir=\"auto\">Ubicaci\u00f3n: La Paz &#8211; Bolivia<\/div>\n<\/div>\n<\/div>\n<p>[\/et_pb_text][\/et_pb_column][\/et_pb_row][et_pb_row _builder_version=\u00bb4.27.2&#8243; _module_preset=\u00bbdefault\u00bb locked=\u00bboff\u00bb global_colors_info=\u00bb{}\u00bb][et_pb_column type=\u00bb4_4&#8243; _builder_version=\u00bb4.27.2&#8243; _module_preset=\u00bbdefault\u00bb global_colors_info=\u00bb{}\u00bb][et_pb_divider color=\u00bb#E09900&#8243; divider_weight=\u00bb2px\u00bb _builder_version=\u00bb4.27.2&#8243; _module_preset=\u00bbdefault\u00bb custom_margin=\u00bb||-19px|||\u00bb global_colors_info=\u00bb{}\u00bb][\/et_pb_divider][\/et_pb_column][\/et_pb_row][et_pb_row _builder_version=\u00bb4.27.2&#8243; _module_preset=\u00bbdefault\u00bb global_colors_info=\u00bb{}\u00bb][et_pb_column type=\u00bb4_4&#8243; _builder_version=\u00bb4.27.2&#8243; _module_preset=\u00bbdefault\u00bb global_colors_info=\u00bb{}\u00bb][et_pb_text module_class=\u00bbpa-toggle-text\u00bb _builder_version=\u00bb4.27.2&#8243; _module_preset=\u00bbdefault\u00bb text_font=\u00bbGALINDOFONT||||||||\u00bb text_text_color=\u00bb#000000&#8243; text_font_size=\u00bb17px\u00bb global_colors_info=\u00bb{}\u00bb]<\/p>\n<div class=\"x11i5rnm xat24cr x1mh8g0r x1vvkbs xtlvy1s x126k92a\">\n<div dir=\"auto\">\n<div class=\"x11i5rnm xat24cr x1mh8g0r x1vvkbs xtlvy1s x126k92a\">\n<div dir=\"auto\"><span>Participamos en la ampliaci\u00f3n de la planta de producci\u00f3n de cemento Viacha, un proyecto m\u00faltiple de gran escala. Nuestro equipo fue responsable del dise\u00f1o de diversas \u00e1reas, incluyendo una cubierta met\u00e1lica para el almac\u00e9n de materias primas, sistemas de fajas de transporte, apilador, reclamador y muros de contenci\u00f3n<\/span>.<\/div>\n<div dir=\"auto\">\u00a0<\/div>\n<\/div>\n<div class=\"x11i5rnm xat24cr x1mh8g0r x1vvkbs xtlvy1s x126k92a\">\n<div dir=\"auto\">La joya de esta ampliaci\u00f3n es, sin duda, la cubierta <span class=\"html-span xdj266r x11i5rnm xat24cr x1mh8g0r xexx8yu x4uap5 x18d9i69 xkhd6sd x1hl2dhg x16tdsg8 x1vvkbs\"><a class=\"html-a xdj266r x11i5rnm xat24cr x1mh8g0r xexx8yu x4uap5 x18d9i69 xkhd6sd x1hl2dhg x16tdsg8 x1vvkbs\" tabindex=\"-1\"><\/a><\/span>met\u00e1lica, una estructura destacable por su ingenier\u00eda y dimensiones. Construida con 15 p\u00f3rticos met\u00e1licos triarticulados, esta cubierta presenta una directriz de coseno hiperb\u00f3lico, con una luz de 58 metros, una longitud de 156 metros y una altura de 30 metros, abarcando una superficie de aproximadamente 9,000 m\u00b2. \u00a1Es tan grande que podr\u00eda albergar una cancha de f\u00fatbol sin problemas!<\/div>\n<div dir=\"auto\">\n<div class=\"x11i5rnm xat24cr x1mh8g0r x1vvkbs xtlvy1s x126k92a\">\n<div dir=\"auto\">\u00a0<\/div>\n<div dir=\"auto\">La estructura completa pesa 450 toneladas.<\/div>\n<\/div>\n<\/div>\n<\/div>\n<div class=\"x11i5rnm xat24cr x1mh8g0r x1vvkbs xtlvy1s x126k92a\">\n<div dir=\"auto\">\n<div class=\"x11i5rnm xat24cr x1mh8g0r x1vvkbs xtlvy1s x126k92a\">\n<div dir=\"auto\">\u00a0<\/div>\n<div dir=\"auto\">Estamos orgullosos de haber contribuido a este proyecto y de continuar siendo vanguardia en la ingenier\u00eda boliviana.<\/div>\n<div dir=\"auto\">\u00a0<\/div>\n<\/div>\n<\/div>\n<\/div>\n<ul>\n<li><span>Fecha: 2016 &#8211; La Paz, Bolivia<\/span><\/li>\n<\/ul>\n<\/div>\n<\/div>\n<p>[\/et_pb_text][\/et_pb_column][\/et_pb_row][et_pb_row column_structure=\u00bb1_6,1_6,1_6,1_6,1_6,1_6&#8243; use_custom_gutter=\u00bbon\u00bb gutter_width=\u00bb1&#8243; make_equal=\u00bbon\u00bb _builder_version=\u00bb4.27.2&#8243; _module_preset=\u00bbdefault\u00bb global_colors_info=\u00bb{}\u00bb][et_pb_column type=\u00bb1_6&#8243; _builder_version=\u00bb4.27.2&#8243; _module_preset=\u00bbdefault\u00bb global_colors_info=\u00bb{}\u00bb][\/et_pb_column][et_pb_column type=\u00bb1_6&#8243; _builder_version=\u00bb4.27.2&#8243; _module_preset=\u00bbdefault\u00bb global_colors_info=\u00bb{}\u00bb][et_pb_button button_text=\u00bbEstructura met\u00e1lica\u00bb button_alignment_tablet=\u00bb\u00bb button_alignment_phone=\u00bbcenter\u00bb button_alignment_last_edited=\u00bbon|phone\u00bb _builder_version=\u00bb4.27.2&#8243; _module_preset=\u00bbdefault\u00bb custom_button=\u00bbon\u00bb button_text_size=\u00bb13px\u00bb button_text_color=\u00bb#FFFFFF\u00bb button_bg_color=\u00bb#0C71C3&#8243; button_border_radius=\u00bb65px\u00bb button_text_size_tablet=\u00bb13px\u00bb button_text_size_phone=\u00bb9px\u00bb button_text_size_last_edited=\u00bbon|phone\u00bb global_colors_info=\u00bb{}\u00bb][\/et_pb_button][\/et_pb_column][et_pb_column type=\u00bb1_6&#8243; _builder_version=\u00bb4.27.2&#8243; _module_preset=\u00bbdefault\u00bb global_colors_info=\u00bb{}\u00bb][et_pb_button button_text=\u00bbCubierta\u00bb button_alignment_tablet=\u00bb\u00bb button_alignment_phone=\u00bbcenter\u00bb button_alignment_last_edited=\u00bbon|phone\u00bb _builder_version=\u00bb4.27.2&#8243; _module_preset=\u00bbdefault\u00bb custom_button=\u00bbon\u00bb button_text_size=\u00bb13px\u00bb button_text_color=\u00bb#FFFFFF\u00bb button_bg_color=\u00bb#0C71C3&#8243; button_border_radius=\u00bb65px\u00bb button_text_size_tablet=\u00bb13px\u00bb button_text_size_phone=\u00bb9px\u00bb button_text_size_last_edited=\u00bbon|phone\u00bb global_colors_info=\u00bb{}\u00bb][\/et_pb_button][\/et_pb_column][et_pb_column type=\u00bb1_6&#8243; _builder_version=\u00bb4.27.2&#8243; _module_preset=\u00bbdefault\u00bb global_colors_info=\u00bb{}\u00bb][et_pb_button button_text=\u00bbC\u00e1lculo estructural\u00bb button_alignment=\u00bbcenter\u00bb _builder_version=\u00bb4.27.2&#8243; _module_preset=\u00bbdefault\u00bb custom_button=\u00bbon\u00bb button_text_size=\u00bb13px\u00bb button_text_color=\u00bb#FFFFFF\u00bb button_bg_color=\u00bb#0C71C3&#8243; button_border_radius=\u00bb65px\u00bb button_text_size_tablet=\u00bb13px\u00bb button_text_size_phone=\u00bb9px\u00bb button_text_size_last_edited=\u00bbon|phone\u00bb global_colors_info=\u00bb{}\u00bb][\/et_pb_button][\/et_pb_column][et_pb_column type=\u00bb1_6&#8243; _builder_version=\u00bb4.27.2&#8243; _module_preset=\u00bbdefault\u00bb global_colors_info=\u00bb{}\u00bb][et_pb_button button_text=\u00bbIndustria cementera\u00bb button_alignment=\u00bbcenter\u00bb _builder_version=\u00bb4.27.2&#8243; _module_preset=\u00bbdefault\u00bb custom_button=\u00bbon\u00bb button_text_size=\u00bb13px\u00bb button_text_color=\u00bb#FFFFFF\u00bb button_bg_color=\u00bb#0C71C3&#8243; button_border_radius=\u00bb65px\u00bb button_text_size_tablet=\u00bb13px\u00bb button_text_size_phone=\u00bb9px\u00bb button_text_size_last_edited=\u00bbon|phone\u00bb global_colors_info=\u00bb{}\u00bb][\/et_pb_button][\/et_pb_column][et_pb_column type=\u00bb1_6&#8243; _builder_version=\u00bb4.27.2&#8243; _module_preset=\u00bbdefault\u00bb global_colors_info=\u00bb{}\u00bb][\/et_pb_column][\/et_pb_row][et_pb_row _builder_version=\u00bb4.27.2&#8243; _module_preset=\u00bbdefault\u00bb locked=\u00bboff\u00bb global_colors_info=\u00bb{}\u00bb][et_pb_column type=\u00bb4_4&#8243; _builder_version=\u00bb4.27.2&#8243; _module_preset=\u00bbdefault\u00bb global_colors_info=\u00bb{}\u00bb][et_pb_text _builder_version=\u00bb4.27.2&#8243; _module_preset=\u00bbdefault\u00bb text_font=\u00bbGALINDOFONT||||||||\u00bb text_text_color=\u00bb#000000&#8243; text_font_size=\u00bb40px\u00bb text_font_size_tablet=\u00bb\u00bb text_font_size_phone=\u00bb27px\u00bb text_font_size_last_edited=\u00bbon|desktop\u00bb global_colors_info=\u00bb{}\u00bb]<\/p>\n<p>M\u00e1s Proyectos<\/p>\n<p>[\/et_pb_text][ba_image_carousel content_alignment=\u00bbcenter\u00bb use_pagi=\u00bbon\u00bb slide_count=\u00bb4&#8243; nav_color=\u00bb#FFFFFF\u00bb nav_bg=\u00bb#1b3764&#8243; nav_pos_x=\u00bb-59px\u00bb icon_left=\u00bb&#xf104;||fa||900&#8243; icon_right=\u00bb&#xf105;||fa||900&#8243; pagi_bg=\u00bb#E09900&#8243; use_pagi_tablet=\u00bbon\u00bb use_pagi_phone=\u00bboff\u00bb use_pagi_last_edited=\u00bbon|phone\u00bb slide_count_tablet=\u00bb4&#8243; slide_count_phone=\u00bb1&#8243; slide_count_last_edited=\u00bbon|phone\u00bb nav_pos_x_tablet=\u00bb-59px\u00bb nav_pos_x_phone=\u00bb-48px\u00bb nav_pos_x_last_edited=\u00bbon|phone\u00bb _builder_version=\u00bb4.27.2&#8243; _module_preset=\u00bbdefault\u00bb title_font=\u00bbGALINDOFONT||||||||\u00bb background_color=\u00bb#1b3764&#8243; width_tablet=\u00bb\u00bb width_phone=\u00bb87%\u00bb width_last_edited=\u00bbon|phone\u00bb custom_margin=\u00bb||4px|||\u00bb custom_padding=\u00bb0px|||||\u00bb hover_enabled=\u00bb0&#8243; module_alignment_tablet=\u00bb\u00bb module_alignment_phone=\u00bbcenter\u00bb module_alignment_last_edited=\u00bbon|phone\u00bb locked=\u00bboff\u00bb global_colors_info=\u00bb{}\u00bb sticky_enabled=\u00bb0&#8243;][ba_image_carousel_child photo=\u00bbhttp:\/\/galindoingenieria.com\/wp-content\/uploads\/2025\/01\/ads.jpg\u00bb photo_alt=\u00bbSOBOCE LP-12&#8243; title=\u00bbPlanta de cemento Viacha\u00bb sub_title=\u00bbViacha La Paz Bolivia\u00bb overlay_on_hover=\u00bbon\u00bb overlay_icon_color=\u00bbrgba(224,153,0,0.76)\u00bb overlay_icon_size=\u00bb12px\u00bb overlay_icon_opacity=\u00bb0.34&#8243; overlay_color=\u00bbrgba(224,153,0,0.71)\u00bb _builder_version=\u00bb4.27.2&#8243; title_text_color=\u00bb#FFFFFF\u00bb subtitle_font=\u00bbGALINDOFONT||||||||\u00bb subtitle_text_color=\u00bb#FFFFFF\u00bb background_color=\u00bb#1b3764&#8243; background_enable_color=\u00bbon\u00bb width=\u00bb100%\u00bb max_width=\u00bb110%\u00bb link_option_url=\u00bbhttps:\/\/galindoingenieria.com\/soboce-almacen-de-materias-primas\/\u00bb global_colors_info=\u00bb{}\u00bb width__hover_enabled=\u00bbon|hover\u00bb width__hover=\u00bb110%\u00bb][\/ba_image_carousel_child][ba_image_carousel_child photo=\u00bbhttp:\/\/galindoingenieria.com\/wp-content\/uploads\/2025\/01\/1.jpg\u00bb photo_alt=\u00bbTorre Unitel\u00bb title=\u00bbTorre Unitel\u00bb sub_title=\u00bbSanta Cruz Bolivia\u00bb overlay_on_hover=\u00bbon\u00bb overlay_icon_color=\u00bbrgba(224,153,0,0.76)\u00bb overlay_icon_size=\u00bb12px\u00bb overlay_icon_opacity=\u00bb0.34&#8243; overlay_color=\u00bbrgba(224,153,0,0.71)\u00bb _builder_version=\u00bb4.27.2&#8243; title_text_color=\u00bb#FFFFFF\u00bb subtitle_font=\u00bbGALINDOFONT||||||||\u00bb subtitle_text_color=\u00bb#FFFFFF\u00bb background_color=\u00bb#1b3764&#8243; background_enable_color=\u00bbon\u00bb link_option_url=\u00bbhttps:\/\/galindoingenieria.com\/torre-unitel\/\u00bb global_colors_info=\u00bb{}\u00bb][\/ba_image_carousel_child][ba_image_carousel_child photo=\u00bbhttp:\/\/galindoingenieria.com\/wp-content\/uploads\/2025\/01\/23-plaza-de-la-cultura.jpg\u00bb photo_alt=\u00bbPlaza de la cultura\u00bb title=\u00bbPlaza de la Cultura\u00bb sub_title=\u00bbLa Paz Bolivia\u00bb overlay_on_hover=\u00bbon\u00bb overlay_icon_color=\u00bbrgba(224,153,0,0.76)\u00bb overlay_icon_size=\u00bb12px\u00bb overlay_icon_opacity=\u00bb0.34&#8243; overlay_color=\u00bbrgba(224,153,0,0.71)\u00bb _builder_version=\u00bb4.27.2&#8243; title_text_color=\u00bb#FFFFFF\u00bb subtitle_font=\u00bbGALINDOFONT||||||||\u00bb subtitle_text_color=\u00bb#FFFFFF\u00bb background_color=\u00bb#1b3764&#8243; background_enable_color=\u00bbon\u00bb link_option_url=\u00bbhttps:\/\/galindoingenieria.com\/plaza-de-la-cultura\/\u00bb global_colors_info=\u00bb{}\u00bb][\/ba_image_carousel_child][ba_image_carousel_child photo=\u00bbhttp:\/\/galindoingenieria.com\/wp-content\/uploads\/2025\/01\/11-Pollos-Copacabana.jpg\u00bb photo_alt=\u00bbPollos Copacabana Av. Ballivi\u00e1n\u00bb title=\u00bbPollos Copacabana Av. Ballivi\u00e1n\u00bb sub_title=\u00bbLa Paz Bolivia\u00bb overlay_on_hover=\u00bbon\u00bb overlay_icon_color=\u00bbrgba(224,153,0,0.76)\u00bb overlay_icon_size=\u00bb12px\u00bb overlay_icon_opacity=\u00bb0.34&#8243; overlay_color=\u00bbrgba(224,153,0,0.71)\u00bb _builder_version=\u00bb4.27.2&#8243; title_text_color=\u00bb#FFFFFF\u00bb subtitle_font=\u00bbGALINDOFONT||||||||\u00bb subtitle_text_color=\u00bb#FFFFFF\u00bb background_color=\u00bb#1b3764&#8243; background_enable_color=\u00bbon\u00bb link_option_url=\u00bbhttps:\/\/galindoingenieria.com\/pollos-copacabana-ballivian\/\u00bb hover_enabled=\u00bb0&#8243; global_colors_info=\u00bb{}\u00bb sticky_enabled=\u00bb0&#8243;][\/ba_image_carousel_child][ba_image_carousel_child photo=\u00bbhttp:\/\/galindoingenieria.com\/wp-content\/uploads\/2025\/01\/13-Rotativa-Nueva-La-Razon.jpg\u00bb photo_alt=\u00bbTecho \u201cRotativa La Raz\u00f3n\u201d\u00bb title=\u00bbTecho \u201cRotativa La Raz\u00f3n\u201d\u00bb sub_title=\u00bbLa Paz Bolivia\u00bb overlay_on_hover=\u00bbon\u00bb overlay_icon_color=\u00bbrgba(224,153,0,0.76)\u00bb overlay_icon_size=\u00bb12px\u00bb overlay_icon_opacity=\u00bb0.34&#8243; overlay_color=\u00bbrgba(224,153,0,0.71)\u00bb _builder_version=\u00bb4.27.2&#8243; title_text_color=\u00bb#FFFFFF\u00bb subtitle_font=\u00bbGALINDOFONT||||||||\u00bb subtitle_text_color=\u00bb#FFFFFF\u00bb background_color=\u00bb#1b3764&#8243; background_enable_color=\u00bbon\u00bb link_option_url=\u00bbhttps:\/\/galindoingenieria.com\/techo-rotativa-la-razon\/\u00bb global_colors_info=\u00bb{}\u00bb][\/ba_image_carousel_child][ba_image_carousel_child photo=\u00bbhttp:\/\/galindoingenieria.com\/wp-content\/uploads\/2025\/01\/22-Domo-MSC.jpg\u00bb photo_alt=\u00bbDomo MSC\u00bb title=\u00bbDomo Minera San Cristobal\u00bb sub_title=\u00bbPotos\u00ed Bolivia\u00bb overlay_on_hover=\u00bbon\u00bb overlay_icon_color=\u00bbrgba(224,153,0,0.76)\u00bb overlay_icon_size=\u00bb12px\u00bb overlay_icon_opacity=\u00bb0.34&#8243; overlay_color=\u00bbrgba(224,153,0,0.71)\u00bb _builder_version=\u00bb4.27.2&#8243; title_text_color=\u00bb#FFFFFF\u00bb subtitle_font=\u00bbGALINDOFONT||||||||\u00bb subtitle_text_color=\u00bb#FFFFFF\u00bb background_color=\u00bb#1b3764&#8243; background_enable_color=\u00bbon\u00bb link_option_url=\u00bbhttps:\/\/galindoingenieria.com\/domo-minera-san-cristobal\/\u00bb global_colors_info=\u00bb{}\u00bb][\/ba_image_carousel_child][\/ba_image_carousel][\/et_pb_column][\/et_pb_row][\/et_pb_section]<\/p>\n","protected":false},"excerpt":{"rendered":"<p>Soboce - Raw Materials Warehouse<div class=\"et_pb_module dondivi_gallery dondivi_gallery_0\">\n\t\t\t\t\n\t\t\t\t\n\t\t\t\t\n\t\t\t\t\n\t\t\t\t\n\t\t\t\t\n\t\t\t\t<div class=\"et_pb_module_inner\">\n\t\t\t\t\t<div data-effect-in=\"zoom\" data-intensity-in=\"100\" data-effect-ms=\"400\" class=\"ddb-gallery ddb-masonry\"><div class=\"ddb-gallery-sizer\"><\/div><div class=\"ddb-gutter-sizer\"><\/div><a class=\"ddb-gallery-item\"href =\"https:\/\/galindoingenieria.com\/wp-content\/uploads\/2024\/11\/33.jpg\"><div class=\"ddb-image-wrapper ddb-rel ddb-bss ddb-ovh ddb-block\"><img decoding=\"async\" alt=\"\" src=\"https:\/\/galindoingenieria.com\/wp-content\/uploads\/2024\/11\/33.jpg\" srcset=\"https:\/\/galindoingenieria.com\/wp-content\/uploads\/2024\/11\/33.jpg 800w, https:\/\/galindoingenieria.com\/wp-content\/uploads\/2024\/11\/33-480x570.jpg 480w\" sizes=\"(min-width: 0px) and (max-width: 480px) 480px, (min-width: 481px) 800px, 100vw\" \/><\/div><\/a><a class=\"ddb-gallery-item\"href =\"https:\/\/galindoingenieria.com\/wp-content\/uploads\/2024\/11\/31.jpg\"><div class=\"ddb-image-wrapper ddb-rel ddb-bss ddb-ovh ddb-block\"><img decoding=\"async\" alt=\"\" src=\"https:\/\/galindoingenieria.com\/wp-content\/uploads\/2024\/11\/31.jpg\" srcset=\"https:\/\/galindoingenieria.com\/wp-content\/uploads\/2024\/11\/31.jpg 800w, https:\/\/galindoingenieria.com\/wp-content\/uploads\/2024\/11\/31-480x570.jpg 480w\" sizes=\"(min-width: 0px) and (max-width: 480px) 480px, (min-width: 481px) 800px, 100vw\" \/><\/div><\/a><a class=\"ddb-gallery-item\"href =\"https:\/\/galindoingenieria.com\/wp-content\/uploads\/2024\/11\/34.jpg\"><div class=\"ddb-image-wrapper ddb-rel ddb-bss ddb-ovh ddb-block\"><img decoding=\"async\" alt=\"\" src=\"https:\/\/galindoingenieria.com\/wp-content\/uploads\/2024\/11\/34.jpg\" srcset=\"https:\/\/galindoingenieria.com\/wp-content\/uploads\/2024\/11\/34.jpg 800w, https:\/\/galindoingenieria.com\/wp-content\/uploads\/2024\/11\/34-480x570.jpg 480w\" sizes=\"(min-width: 0px) and (max-width: 480px) 480px, (min-width: 481px) 800px, 100vw\" \/><\/div><\/a><a class=\"ddb-gallery-item\"href =\"https:\/\/galindoingenieria.com\/wp-content\/uploads\/2023\/04\/10.png\"><div class=\"ddb-image-wrapper ddb-rel ddb-bss ddb-ovh ddb-block\"><img decoding=\"async\" alt=\"\" src=\"https:\/\/galindoingenieria.com\/wp-content\/uploads\/2023\/04\/10.png\" srcset=\"https:\/\/galindoingenieria.com\/wp-content\/uploads\/2023\/04\/10.png 851w, https:\/\/galindoingenieria.com\/wp-content\/uploads\/2023\/04\/10-480x360.png 480w\" sizes=\"(min-width: 0px) and (max-width: 480px) 480px, (min-width: 481px) 851px, 100vw\" \/><\/div><\/a><a class=\"ddb-gallery-item\"href =\"https:\/\/galindoingenieria.com\/wp-content\/uploads\/2023\/03\/architect-13c.jpg\"><div class=\"ddb-image-wrapper ddb-rel ddb-bss ddb-ovh ddb-block\"><img decoding=\"async\" alt=\"\" src=\"https:\/\/galindoingenieria.com\/wp-content\/uploads\/2023\/03\/architect-13c.jpg\" srcset=\"https:\/\/galindoingenieria.com\/wp-content\/uploads\/2023\/03\/architect-13c.jpg 1200w, https:\/\/galindoingenieria.com\/wp-content\/uploads\/2023\/03\/architect-13c-980x817.jpg 980w, https:\/\/galindoingenieria.com\/wp-content\/uploads\/2023\/03\/architect-13c-480x400.jpg 480w\" sizes=\"(min-width: 0px) and (max-width: 480px) 480px, (min-width: 481px) and (max-width: 980px) 980px, (min-width: 981px) 1200px, 100vw\" \/><\/div><\/a><a class=\"ddb-gallery-item\"href =\"https:\/\/galindoingenieria.com\/wp-content\/uploads\/2024\/11\/35.jpg\"><div class=\"ddb-image-wrapper ddb-rel ddb-bss ddb-ovh ddb-block\"><img decoding=\"async\" alt=\"\" src=\"https:\/\/galindoingenieria.com\/wp-content\/uploads\/2024\/11\/35.jpg\" srcset=\"https:\/\/galindoingenieria.com\/wp-content\/uploads\/2024\/11\/35.jpg 800w, https:\/\/galindoingenieria.com\/wp-content\/uploads\/2024\/11\/35-480x570.jpg 480w\" sizes=\"(min-width: 0px) and (max-width: 480px) 480px, (min-width: 481px) 800px, 100vw\" \/><\/div><\/a><a class=\"ddb-gallery-item\"href =\"https:\/\/galindoingenieria.com\/wp-content\/uploads\/2024\/11\/36.jpg\"><div class=\"ddb-image-wrapper ddb-rel ddb-bss ddb-ovh ddb-block\"><img decoding=\"async\" alt=\"\" src=\"https:\/\/galindoingenieria.com\/wp-content\/uploads\/2024\/11\/36.jpg\" srcset=\"https:\/\/galindoingenieria.com\/wp-content\/uploads\/2024\/11\/36.jpg 800w, https:\/\/galindoingenieria.com\/wp-content\/uploads\/2024\/11\/36-480x570.jpg 480w\" sizes=\"(min-width: 0px) and (max-width: 480px) 480px, (min-width: 481px) 800px, 100vw\" \/><\/div><\/a><a class=\"ddb-gallery-item\"href =\"https:\/\/galindoingenieria.com\/wp-content\/uploads\/2024\/11\/37.jpg\"><div class=\"ddb-image-wrapper ddb-rel ddb-bss ddb-ovh ddb-block\"><img decoding=\"async\" alt=\"\" src=\"https:\/\/galindoingenieria.com\/wp-content\/uploads\/2024\/11\/37.jpg\" srcset=\"https:\/\/galindoingenieria.com\/wp-content\/uploads\/2024\/11\/37.jpg 800w, https:\/\/galindoingenieria.com\/wp-content\/uploads\/2024\/11\/37-480x570.jpg 480w\" sizes=\"(min-width: 0px) and (max-width: 480px) 480px, (min-width: 481px) 800px, 100vw\" \/><\/div><\/a><a class=\"ddb-gallery-item\"href =\"https:\/\/galindoingenieria.com\/wp-content\/uploads\/2024\/11\/38.jpg\"><div class=\"ddb-image-wrapper ddb-rel ddb-bss ddb-ovh ddb-block\"><img decoding=\"async\" alt=\"\" src=\"https:\/\/galindoingenieria.com\/wp-content\/uploads\/2024\/11\/38.jpg\" srcset=\"https:\/\/galindoingenieria.com\/wp-content\/uploads\/2024\/11\/38.jpg 800w, https:\/\/galindoingenieria.com\/wp-content\/uploads\/2024\/11\/38-480x570.jpg 480w\" sizes=\"(min-width: 0px) and (max-width: 480px) 480px, (min-width: 481px) 800px, 100vw\" \/><\/div><\/a><\/div>\n\t\t\t\t<\/div>\n\t\t\t<\/div><\/p>","protected":false},"author":1,"featured_media":0,"parent":0,"menu_order":0,"comment_status":"closed","ping_status":"closed","template":"","meta":{"_et_pb_use_builder":"on","_et_pb_old_content":"","_et_gb_content_width":"","_monsterinsights_skip_tracking":false,"_monsterinsights_sitenote_active":false,"_monsterinsights_sitenote_note":"","_monsterinsights_sitenote_category":0,"footnotes":""},"class_list":["post-405777","page","type-page","status-publish","hentry"],"_links":{"self":[{"href":"https:\/\/galindoingenieria.com\/eng\/wp-json\/wp\/v2\/pages\/405777","targetHints":{"allow":["GET"]}}],"collection":[{"href":"https:\/\/galindoingenieria.com\/eng\/wp-json\/wp\/v2\/pages"}],"about":[{"href":"https:\/\/galindoingenieria.com\/eng\/wp-json\/wp\/v2\/types\/page"}],"author":[{"embeddable":true,"href":"https:\/\/galindoingenieria.com\/eng\/wp-json\/wp\/v2\/users\/1"}],"replies":[{"embeddable":true,"href":"https:\/\/galindoingenieria.com\/eng\/wp-json\/wp\/v2\/comments?post=405777"}],"version-history":[{"count":11,"href":"https:\/\/galindoingenieria.com\/eng\/wp-json\/wp\/v2\/pages\/405777\/revisions"}],"predecessor-version":[{"id":406828,"href":"https:\/\/galindoingenieria.com\/eng\/wp-json\/wp\/v2\/pages\/405777\/revisions\/406828"}],"wp:attachment":[{"href":"https:\/\/galindoingenieria.com\/eng\/wp-json\/wp\/v2\/media?parent=405777"}],"curies":[{"name":"wp","href":"https:\/\/api.w.org\/{rel}","templated":true}]}}