{"id":405789,"date":"2025-01-07T22:20:04","date_gmt":"2025-01-07T22:20:04","guid":{"rendered":"https:\/\/galindoingenieria.com\/?page_id=405789"},"modified":"2025-01-31T19:18:56","modified_gmt":"2025-01-31T19:18:56","slug":"soboce-warnes","status":"publish","type":"page","link":"https:\/\/galindoingenieria.com\/eng\/soboce-warnes\/","title":{"rendered":"SOBOCE Warnes"},"content":{"rendered":"<p>[et_pb_section fb_built=\u00bb1&#8243; _builder_version=\u00bb4.27.2&#8243; _module_preset=\u00bbdefault\u00bb background_color=\u00bb#FFFFFF\u00bb global_colors_info=\u00bb{}\u00bb][et_pb_row _builder_version=\u00bb4.27.2&#8243; _module_preset=\u00bbdefault\u00bb global_colors_info=\u00bb{}\u00bb][et_pb_column type=\u00bb4_4&#8243; _builder_version=\u00bb4.27.2&#8243; _module_preset=\u00bbdefault\u00bb global_colors_info=\u00bb{}\u00bb][et_pb_text _builder_version=\u00bb4.27.2&#8243; _module_preset=\u00bbdefault\u00bb text_font=\u00bbGALINDOFONT|800|||||||\u00bb text_text_color=\u00bb#000000&#8243; text_font_size=\u00bb54px\u00bb text_line_height=\u00bb1.2em\u00bb text_orientation=\u00bbcenter\u00bb width_tablet=\u00bb\u00bb width_phone=\u00bb\u00bb width_last_edited=\u00bbon|phone\u00bb max_width_tablet=\u00bb\u00bb max_width_phone=\u00bb\u00bb max_width_last_edited=\u00bbon|phone\u00bb text_font_size_tablet=\u00bb54px\u00bb text_font_size_phone=\u00bb34px\u00bb text_font_size_last_edited=\u00bbon|phone\u00bb global_colors_info=\u00bb{}\u00bb]<\/p>\n<div class=\"et_pb_row et_pb_row_26\">\n<div class=\"et_pb_column et_pb_column_4_4 et_pb_column_32  et_pb_css_mix_blend_mode_passthrough et-last-child\">\n<div class=\"et_pb_module et_pb_text et_pb_text_20  et_pb_text_align_center et_pb_bg_layout_light\">\n<div class=\"et_pb_text_inner\">\n<p><span>SOBOCE Warnes<\/span><\/p>\n<\/div>\n<\/div>\n<\/div>\n<\/div>\n<p>[\/et_pb_text][et_pb_divider color=\u00bb#E09900&#8243; divider_weight=\u00bb2px\u00bb _builder_version=\u00bb4.27.2&#8243; _module_preset=\u00bbdefault\u00bb custom_margin=\u00bb||-20px||false|false\u00bb custom_padding=\u00bb0px||0px||false|false\u00bb custom_padding_tablet=\u00bb71px||0px||false|false\u00bb custom_padding_phone=\u00bb50px||0px||false|false\u00bb custom_padding_last_edited=\u00bbon|phone\u00bb locked=\u00bboff\u00bb global_colors_info=\u00bb{}\u00bb][\/et_pb_divider][\/et_pb_column][\/et_pb_row][et_pb_row _builder_version=\u00bb4.27.2&#8243; _module_preset=\u00bbdefault\u00bb global_colors_info=\u00bb{}\u00bb][et_pb_column type=\u00bb4_4&#8243; _builder_version=\u00bb4.27.2&#8243; _module_preset=\u00bbdefault\u00bb global_colors_info=\u00bb{}\u00bb][dondivi_gallery gallery_ids=\u00bb395,396&#8243; image_count=\u00bb3&#8243; load_more=\u00bbon\u00bb load_more_text=\u00bbCargar M\u00e1s\u00bb show_pagination=\u00bboff\u00bb image_zoom=\u00bbon\u00bb overlay=\u00bbon\u00bb on_click=\u00bblightbox\u00bb lightbox_title=\u00bboff\u00bb lightbox_caption=\u00bboff\u00bb hover_overlay_color=\u00bbrgba(28,55,101,0.71)\u00bb hover_icon=\u00bb&#x4c;||divi||400&#8243; hover_icon_color=\u00bb#f79839&#8243; hover_icon_width=\u00bb35px\u00bb effect_opacity=\u00bbon\u00bb layout_gap_tablet=\u00bb20px\u00bb layout_gap_phone=\u00bb10px\u00bb layout_gap_last_edited=\u00bbon|phone\u00bb _builder_version=\u00bb4.27.2&#8243; _module_preset=\u00bbdefault\u00bb title_font=\u00bbGALINDOFONT|600|||||||\u00bb title_text_color=\u00bb#FFCB58&#8243; title_font_size=\u00bb17px\u00bb caption_font=\u00bbGALINDOFONT||||||||\u00bb caption_font_size=\u00bb13px\u00bb caption_line_height=\u00bb1.3em\u00bb custom_button=\u00bbon\u00bb button_text_size=\u00bb16px\u00bb button_text_color=\u00bb#F6F1EC\u00bb button_bg_color=\u00bb#f79839&#8243; button_border_width=\u00bb0px\u00bb button_border_color=\u00bb#f4c538&#8243; button_border_radius=\u00bb50px\u00bb button_font=\u00bbGALINDOFONT||||||||\u00bb button_use_icon=\u00bboff\u00bb button_alignment=\u00bbcenter\u00bb button_custom_margin=\u00bb||||false|false\u00bb button_custom_padding=\u00bb7px|37px|7px|37px|true|true\u00bb image_icon_custom_margin=\u00bb||0px||false|false\u00bb image_icon_custom_padding=\u00bb||0px||false|false\u00bb filter_custom_padding_tablet=\u00bb||10px||false|false\u00bb filter_custom_padding_phone=\u00bb|5px|10px|5px|false|true\u00bb filter_custom_padding_last_edited=\u00bbon|phone\u00bb max_width=\u00bb709px\u00bb max_width_tablet=\u00bb\u00bb max_width_phone=\u00bb\u00bb max_width_last_edited=\u00bbon|desktop\u00bb module_alignment=\u00bbcenter\u00bb animation_style=\u00bbfade\u00bb animation_duration=\u00bb500ms\u00bb title_font_size_tablet=\u00bb\u00bb title_font_size_phone=\u00bb18px\u00bb title_font_size_last_edited=\u00bbon|phone\u00bb caption_text_align_phone=\u00bbcenter\u00bb caption_text_align_last_edited=\u00bboff|phone\u00bb caption_font_size_tablet=\u00bb15px\u00bb caption_font_size_phone=\u00bb13px\u00bb caption_font_size_last_edited=\u00bbon|phone\u00bb filter_font_size_tablet=\u00bb20px\u00bb filter_font_size_phone=\u00bb17px\u00bb filter_font_size_last_edited=\u00bbon|phone\u00bb border_radii_image=\u00bbon|10px|10px|10px|10px\u00bb border_color_all_image=\u00bbRGBA(255,255,255,0)\u00bb locked=\u00bboff\u00bb global_colors_info=\u00bb{}\u00bb filter_text_color__hover_enabled=\u00bbon|hover\u00bb filter_text_color__hover=\u00bb#764699&#8243; border_color_all_image__hover_enabled=\u00bbon|desktop\u00bb border_color_all_image__hover=\u00bb#F6F1EC\u00bb button_border_color__hover_enabled=\u00bbon|desktop\u00bb button_border_color__hover=\u00bb#f2b437&#8243; button_text_color__hover_enabled=\u00bbon|hover\u00bb button_text_color__hover=\u00bb#F6F1EC\u00bb button_bg_color__hover_enabled=\u00bbon|desktop\u00bb button_bg_color__hover=\u00bb#ffb73a\u00bb button_bg_enable_color__hover=\u00bbon\u00bb][\/dondivi_gallery][\/et_pb_column][\/et_pb_row][et_pb_row _builder_version=\u00bb4.27.2&#8243; _module_preset=\u00bbdefault\u00bb background_color=\u00bb#f4f4f4&#8243; border_radii=\u00bbon|76px|76px|76px|76px\u00bb locked=\u00bboff\u00bb global_colors_info=\u00bb{}\u00bb][et_pb_column type=\u00bb4_4&#8243; _builder_version=\u00bb4.27.2&#8243; _module_preset=\u00bbdefault\u00bb global_colors_info=\u00bb{}\u00bb][et_pb_text _builder_version=\u00bb4.27.2&#8243; _module_preset=\u00bbdefault\u00bb text_font=\u00bbGALINDOFONT||||||||\u00bb text_text_color=\u00bb#000000&#8243; text_font_size=\u00bb19px\u00bb text_orientation=\u00bbjustified\u00bb custom_padding=\u00bb|||71px||\u00bb global_colors_info=\u00bb{}\u00bb text_font_size_tablet=\u00bb19px\u00bb text_font_size_phone=\u00bb12px\u00bb text_font_size_last_edited=\u00bbon|phone\u00bb text_orientation_tablet=\u00bbjustified\u00bb text_orientation_phone=\u00bbleft\u00bb text_orientation_last_edited=\u00bbon|phone\u00bb custom_margin_last_edited=\u00bbon|phone\u00bb hover_enabled=\u00bb0&#8243; sticky_enabled=\u00bb0&#8243; custom_margin_phone=\u00bb|||-30px|false|false\u00bb]<\/p>\n<div dir=\"auto\">\n<div class=\"x11i5rnm xat24cr x1mh8g0r x1vvkbs xtlvy1s x126k92a\">\n<div dir=\"auto\">Magnitud: 23 metros de luz, 2,400 metros cuadrados<br \/>Uso: Industrial<br \/>Construcci\u00f3n: Soboce S.A.<\/div>\n<div dir=\"auto\">Ubicaci\u00f3n: Viacha &#8211; Bolivia<\/div>\n<\/div>\n<\/div>\n<p>[\/et_pb_text][\/et_pb_column][\/et_pb_row][et_pb_row _builder_version=\u00bb4.27.2&#8243; _module_preset=\u00bbdefault\u00bb locked=\u00bboff\u00bb global_colors_info=\u00bb{}\u00bb][et_pb_column type=\u00bb4_4&#8243; _builder_version=\u00bb4.27.2&#8243; _module_preset=\u00bbdefault\u00bb global_colors_info=\u00bb{}\u00bb][et_pb_divider color=\u00bb#E09900&#8243; divider_weight=\u00bb2px\u00bb _builder_version=\u00bb4.27.2&#8243; _module_preset=\u00bbdefault\u00bb custom_margin=\u00bb||-19px|||\u00bb global_colors_info=\u00bb{}\u00bb][\/et_pb_divider][\/et_pb_column][\/et_pb_row][et_pb_row _builder_version=\u00bb4.27.2&#8243; _module_preset=\u00bbdefault\u00bb global_colors_info=\u00bb{}\u00bb][et_pb_column type=\u00bb4_4&#8243; _builder_version=\u00bb4.27.2&#8243; _module_preset=\u00bbdefault\u00bb global_colors_info=\u00bb{}\u00bb][et_pb_text _builder_version=\u00bb4.27.2&#8243; _module_preset=\u00bbdefault\u00bb text_font=\u00bbGALINDOFONT||||||||\u00bb text_text_color=\u00bb#000000&#8243; text_font_size=\u00bb17px\u00bb global_colors_info=\u00bb{}\u00bb]<\/p>\n<p><span>El proyecto contempla un techo met\u00e1lico para almacenar el cemento conformado por 8 p\u00f3rticos met\u00e1licos de dos luces de 23 metros y 7 metros de altura, cubriendo una superficie de 2,400 [m2].<\/span><\/p>\n<p><span><\/span><\/p>\n<ul>\n<li><span>Fecha: 2019 \u2013 Santa Cruz, Bolivia<\/span><\/li>\n<\/ul>\n<p>[\/et_pb_text][\/et_pb_column][\/et_pb_row][et_pb_row column_structure=\u00bb1_6,1_6,1_6,1_6,1_6,1_6&#8243; use_custom_gutter=\u00bbon\u00bb gutter_width=\u00bb1&#8243; make_equal=\u00bbon\u00bb _builder_version=\u00bb4.27.2&#8243; _module_preset=\u00bbdefault\u00bb global_colors_info=\u00bb{}\u00bb][et_pb_column type=\u00bb1_6&#8243; _builder_version=\u00bb4.27.2&#8243; _module_preset=\u00bbdefault\u00bb global_colors_info=\u00bb{}\u00bb][\/et_pb_column][et_pb_column type=\u00bb1_6&#8243; _builder_version=\u00bb4.27.2&#8243; _module_preset=\u00bbdefault\u00bb global_colors_info=\u00bb{}\u00bb][et_pb_button button_url=\u00bb#\u00bb button_text=\u00bbEstructura met\u00e1lica\u00bb button_alignment_tablet=\u00bb\u00bb button_alignment_phone=\u00bbcenter\u00bb button_alignment_last_edited=\u00bbon|phone\u00bb _builder_version=\u00bb4.27.2&#8243; _module_preset=\u00bbdefault\u00bb custom_button=\u00bbon\u00bb button_text_size=\u00bb13px\u00bb button_text_color=\u00bb#FFFFFF\u00bb button_bg_color=\u00bb#0C71C3&#8243; button_border_radius=\u00bb65px\u00bb button_use_icon=\u00bboff\u00bb button_text_size_tablet=\u00bb13px\u00bb button_text_size_phone=\u00bb9px\u00bb button_text_size_last_edited=\u00bbon|phone\u00bb global_colors_info=\u00bb{}\u00bb][\/et_pb_button][\/et_pb_column][et_pb_column type=\u00bb1_6&#8243; _builder_version=\u00bb4.27.2&#8243; _module_preset=\u00bbdefault\u00bb global_colors_info=\u00bb{}\u00bb][et_pb_button button_url=\u00bb#\u00bb button_text=\u00bbCubierta\u00bb button_alignment_tablet=\u00bb\u00bb button_alignment_phone=\u00bbcenter\u00bb button_alignment_last_edited=\u00bbon|phone\u00bb _builder_version=\u00bb4.27.2&#8243; _module_preset=\u00bbdefault\u00bb custom_button=\u00bbon\u00bb button_text_size=\u00bb13px\u00bb button_text_color=\u00bb#FFFFFF\u00bb button_bg_color=\u00bb#0C71C3&#8243; button_border_radius=\u00bb65px\u00bb button_use_icon=\u00bboff\u00bb button_text_size_tablet=\u00bb13px\u00bb button_text_size_phone=\u00bb9px\u00bb button_text_size_last_edited=\u00bbon|phone\u00bb global_colors_info=\u00bb{}\u00bb][\/et_pb_button][\/et_pb_column][et_pb_column type=\u00bb1_6&#8243; _builder_version=\u00bb4.27.2&#8243; _module_preset=\u00bbdefault\u00bb global_colors_info=\u00bb{}\u00bb][et_pb_button button_text=\u00bbC\u00e1lculo estructural\u00bb _builder_version=\u00bb4.27.2&#8243; _module_preset=\u00bbdefault\u00bb custom_button=\u00bbon\u00bb button_text_size=\u00bb13px\u00bb button_text_color=\u00bb#FFFFFF\u00bb button_bg_color=\u00bb#0C71C3&#8243; button_border_radius=\u00bb65px\u00bb button_use_icon=\u00bboff\u00bb button_text_size_tablet=\u00bb13px\u00bb button_text_size_phone=\u00bb9px\u00bb button_text_size_last_edited=\u00bbon|phone\u00bb global_colors_info=\u00bb{}\u00bb][\/et_pb_button][\/et_pb_column][et_pb_column type=\u00bb1_6&#8243; _builder_version=\u00bb4.27.2&#8243; _module_preset=\u00bbdefault\u00bb global_colors_info=\u00bb{}\u00bb][et_pb_button button_text=\u00bbIndustria cementera\u00bb _builder_version=\u00bb4.27.2&#8243; _module_preset=\u00bbdefault\u00bb custom_button=\u00bbon\u00bb button_text_size=\u00bb13px\u00bb button_text_color=\u00bb#FFFFFF\u00bb button_bg_color=\u00bb#0C71C3&#8243; button_border_radius=\u00bb65px\u00bb button_use_icon=\u00bboff\u00bb button_text_size_tablet=\u00bb13px\u00bb button_text_size_phone=\u00bb9px\u00bb button_text_size_last_edited=\u00bbon|phone\u00bb global_colors_info=\u00bb{}\u00bb][\/et_pb_button][\/et_pb_column][et_pb_column type=\u00bb1_6&#8243; _builder_version=\u00bb4.27.2&#8243; _module_preset=\u00bbdefault\u00bb global_colors_info=\u00bb{}\u00bb][\/et_pb_column][\/et_pb_row][\/et_pb_section]<\/p>\n","protected":false},"excerpt":{"rendered":"<p>SOBOCE Warnes <div class=\"et_pb_module dondivi_gallery dondivi_gallery_0 et_animated\">\n\t\t\t\t\n\t\t\t\t\n\t\t\t\t\n\t\t\t\t\n\t\t\t\t\n\t\t\t\t\n\t\t\t\t<div class=\"et_pb_module_inner\">\n\t\t\t\t\t<div data-effect-in=\"zoom\" data-intensity-in=\"100\" data-effect-ms=\"400\" class=\"ddb-gallery ddb-masonry\"><div class=\"ddb-gallery-sizer\"><\/div><div class=\"ddb-gutter-sizer\"><\/div><a class=\"ddb-gallery-item\"href =\"https:\/\/galindoingenieria.com\/wp-content\/uploads\/2023\/04\/13a.jpg\"><div class=\"ddb-image-wrapper ddb-rel ddb-bss ddb-ovh ddb-block\"><img decoding=\"async\" alt=\"\" src=\"https:\/\/galindoingenieria.com\/wp-content\/uploads\/2023\/04\/13a.jpg\" srcset=\"https:\/\/galindoingenieria.com\/wp-content\/uploads\/2023\/04\/13a.jpg 888w, https:\/\/galindoingenieria.com\/wp-content\/uploads\/2023\/04\/13a-480x252.jpg 480w\" sizes=\"(min-width: 0px) and (max-width: 480px) 480px, (min-width: 481px) 888px, 100vw\" \/><\/div><\/a><\/div>\n\t\t\t\t<\/div>\n\t\t\t<\/div><\/p>","protected":false},"author":1,"featured_media":0,"parent":0,"menu_order":0,"comment_status":"closed","ping_status":"closed","template":"","meta":{"_et_pb_use_builder":"on","_et_pb_old_content":"","_et_gb_content_width":"","_monsterinsights_skip_tracking":false,"_monsterinsights_sitenote_active":false,"_monsterinsights_sitenote_note":"","_monsterinsights_sitenote_category":0,"footnotes":""},"class_list":["post-405789","page","type-page","status-publish","hentry"],"_links":{"self":[{"href":"https:\/\/galindoingenieria.com\/eng\/wp-json\/wp\/v2\/pages\/405789","targetHints":{"allow":["GET"]}}],"collection":[{"href":"https:\/\/galindoingenieria.com\/eng\/wp-json\/wp\/v2\/pages"}],"about":[{"href":"https:\/\/galindoingenieria.com\/eng\/wp-json\/wp\/v2\/types\/page"}],"author":[{"embeddable":true,"href":"https:\/\/galindoingenieria.com\/eng\/wp-json\/wp\/v2\/users\/1"}],"replies":[{"embeddable":true,"href":"https:\/\/galindoingenieria.com\/eng\/wp-json\/wp\/v2\/comments?post=405789"}],"version-history":[{"count":9,"href":"https:\/\/galindoingenieria.com\/eng\/wp-json\/wp\/v2\/pages\/405789\/revisions"}],"predecessor-version":[{"id":406614,"href":"https:\/\/galindoingenieria.com\/eng\/wp-json\/wp\/v2\/pages\/405789\/revisions\/406614"}],"wp:attachment":[{"href":"https:\/\/galindoingenieria.com\/eng\/wp-json\/wp\/v2\/media?parent=405789"}],"curies":[{"name":"wp","href":"https:\/\/api.w.org\/{rel}","templated":true}]}}